{"id":3215,"date":"2020-11-23T18:04:22","date_gmt":"2020-11-23T18:04:22","guid":{"rendered":"http:\/\/posadacarcamo.com\/?page_id=3215"},"modified":"2026-01-02T22:34:28","modified_gmt":"2026-01-02T22:34:28","slug":"hector-posada-viana","status":"publish","type":"page","link":"https:\/\/posadacarcamo.com\/en\/hector-posada-viana\/","title":{"rendered":"Hector Posada Viana"},"content":{"rendered":"<div  class=\"tatsu-l-TBPZRE1 tatsu-section    tatsu-clearfix\" data-title=\"\"  data-headerscheme=\"background--light\"><div class='tatsu-section-pad clearfix' data-padding='{\"d\":\"150px 0% 130px 0%\"}' data-padding-top='150px'><div class=\"tatsu-row-wrap  tatsu-wrap tatsu-row-has-one-half tatsu-row-has-two-cols tatsu-medium-gutter tatsu-reg-cols  tatsu-clearfix tatsu-2b9Ur8F5eb\" ><div  class=\"tatsu-row\" ><div  class=\"tatsu-column  tatsu-column-no-bg tatsu-one-half tatsu-column-image-none tatsu-column-effect-none  tatsu-UyyYTQYKbq\"  data-parallax-speed=\"0\" style=\"\"><div class=\"tatsu-column-inner\" ><div class=\"tatsu-column-pad-wrap\"><div class=\"tatsu-column-pad\" ><div  class=\"tatsu-single-image tatsu-module align-center tatsu-image-lazyload tatsu-external-image tatsu-T8gkeyn2SC\" ><div class=\"tatsu-single-image-inner\" style=\"\" ><div class = \"tatsu-single-image-padding-wrap\" style = \"\" ><\/div><img class = \"tatsu-gradient-border\" data-src = \"http:\/\/posadacarcamo.com\/wp-content\/uploads\/2023\/09\/Delafiutph-71-scaled.jpg\" alt =\" \"  src =\"data:image\/png;base64,iVBORw0KGgoAAAANSUhEUgAAAAEAAAABCAQAAAC1HAwCAAAAC0lEQVR42mNkYAAAAAYAAjCB0C8AAAAASUVORK5CYII=\"  \/><\/div><style>.tatsu-T8gkeyn2SC .tatsu-single-image-inner{border-style: solid;max-width: 100%;}.tatsu-T8gkeyn2SC.tatsu-single-image{transform: translate3d(0px,0px, 0);}<\/style><\/div><\/div><\/div><div class = \"tatsu-column-bg-image-wrap\"><div class = \"tatsu-column-bg-image\" ><\/div><\/div><\/div><style>.tatsu-row > .tatsu-UyyYTQYKbq.tatsu-column{width: 50%;}.tatsu-UyyYTQYKbq.tatsu-column > .tatsu-column-inner > .tatsu-column-overlay{mix-blend-mode: none;}.tatsu-UyyYTQYKbq > .tatsu-column-inner > .tatsu-top-divider{z-index: 9999;}.tatsu-UyyYTQYKbq > .tatsu-column-inner > .tatsu-bottom-divider{z-index: 9999;}.tatsu-UyyYTQYKbq > .tatsu-column-inner > .tatsu-left-divider{z-index: 9999;}.tatsu-UyyYTQYKbq > .tatsu-column-inner > .tatsu-right-divider{z-index: 9999;}@media only screen and (min-width:768px) and (max-width: 1024px) {.tatsu-row > .tatsu-UyyYTQYKbq.tatsu-column{width: 100%;}.tatsu-UyyYTQYKbq.tatsu-column{margin: 0px 0px 50px 0px !important;}}@media only screen and (max-width: 767px) {.tatsu-row > .tatsu-UyyYTQYKbq.tatsu-column{width: 100%;}}<\/style><\/div><div  class=\"tatsu-column  tatsu-column-no-bg tatsu-one-half tatsu-column-align-middle tatsu-column-image-none tatsu-column-effect-none  tatsu-ohQ2gi3sqx\"  data-parallax-speed=\"0\" style=\"\"><div class=\"tatsu-column-inner\" ><div class=\"tatsu-column-pad-wrap\"><div class=\"tatsu-column-pad\" ><div  class=\"tatsu-module tatsu-inline-text clearfix tatsu-KNlBC6MOUo\" ><style>.tatsu-KNlBC6MOUo .tatsu-inline-text-inner{width: 100%;text-align: left;}.tatsu-KNlBC6MOUo.tatsu-inline-text{margin: 0px 0px 15px 0px;}@media only screen and (max-width: 767px) {.tatsu-KNlBC6MOUo .tatsu-inline-text-inner{width: 100%;}}<\/style><div class=\"tatsu-inline-text-inner tatsu-align-center\">\n<h2>Hector Posada Viana<\/h2>\n<\/div><\/div><div  class=\"tatsu-module tatsu-inline-text clearfix tatsu-k8Jx8B_eKV\" ><style>.tatsu-k8Jx8B_eKV .tatsu-inline-text-inner{width: 100%;text-align: left;}@media only screen and (max-width: 767px) {.tatsu-k8Jx8B_eKV .tatsu-inline-text-inner{width: 100%;}}<\/style><div class=\"tatsu-inline-text-inner tatsu-align-center\">\n<p>Ingeniero Civil de la Universidad Javeriana &#8211; Especialista en V\u00edas del Instituto de V\u00edas del Cauca &#8211; Exdirector Territorial Atl\u00e1ntico del Ministerio de Transporte 2004-2015 &#8211; Catedratico Universitario en Dise\u00f1o de V\u00edas e Ingenier\u00eda de Transporte &#8211; Consultor en materia de tr\u00e1nsito y transporte.<\/p>\n<p><span class=\"palette-2\"><strong>Specialty:<\/strong><\/span>\u00a0 Consultor en Transporte y Tr\u00e1nsito<\/p>\n<\/div><\/div><div  class=\"oshine-animated-link  tatsu-XsrXbwC7u oshine-module align-left\" ><a class = \"animated-link animated-link-style1\" target = \"_blank\" href = \"https:\/\/api.whatsapp.com\/send\/?phone=573115166165&text&app_absent=0\" aria-label = \"Schedule advice\"><span class = \"link-text\"  >Schedule advice<\/span><\/a><style>.tatsu-XsrXbwC7u .tatsu-animated-link-inner:hover{color: rgba(82,2,40,1) ;}.tatsu-XsrXbwC7u .tatsu-animated-link-inner:hover::before{color: rgba(82,2,40,1) ;}.tatsu-XsrXbwC7u.tatsu-module{margin: 0px 0px 30px 0px;}<\/style><\/div><div  class=\"tatsu-module tatsu-normal-icon tatsu-icon-shortcode align-none tatsu-SyolHh4lO\"><style>.tatsu-SyolHh4lO .tatsu-icon:hover{background-color: rgba(82,2,40,1);color: rgba(255,255,255,1) ;}.tatsu-SyolHh4lO .tatsu-icon{color: rgba(82,2,40,1) ;border-width: 1px;border-color: rgba(82,2,40,1); }.tatsu-SyolHh4lO{border-width: 0px 0px 0px 0px;}<\/style><a href=\"https:\/\/mail.google.com\/mail\/u\/0\/?view=cm&fs=1&tf=1&source=mailto&to=hectorposada2hotmail.com\"  class=\"tatsu-icon-wrap square  tatsu-animate\" data-animation=\"fadeIn\"   aria-label=\"icon-email\" data-gdpr-atts=\"{}\"  target=\"_blank\" ><i class=\"tatsu-icon tatsu-custom-icon tatsu-custom-icon-class icon-email small square\"  data-animation=\"fadeIn\" data-animation-delay=\"0\"><\/i><\/a><\/div><\/div><\/div><div class = \"tatsu-column-bg-image-wrap\"><div class = \"tatsu-column-bg-image\" ><\/div><\/div><\/div><style>.tatsu-row > .tatsu-ohQ2gi3sqx.tatsu-column{width: 50%;}.tatsu-ohQ2gi3sqx.tatsu-column > .tatsu-column-inner > .tatsu-column-overlay{mix-blend-mode: none;}.tatsu-ohQ2gi3sqx > .tatsu-column-inner > .tatsu-top-divider{z-index: 9999;}.tatsu-ohQ2gi3sqx > .tatsu-column-inner > .tatsu-bottom-divider{z-index: 9999;}.tatsu-ohQ2gi3sqx > .tatsu-column-inner > .tatsu-left-divider{z-index: 9999;}.tatsu-ohQ2gi3sqx > .tatsu-column-inner > .tatsu-right-divider{z-index: 9999;}@media only screen and (min-width:768px) and (max-width: 1024px) {.tatsu-row > .tatsu-ohQ2gi3sqx.tatsu-column{width: 100%;}}@media only screen and (max-width: 767px) {.tatsu-row > .tatsu-ohQ2gi3sqx.tatsu-column{width: 100%;}}<\/style><\/div><\/div><\/div><\/div><div class=\"tatsu-section-background-wrap\"><div class = \"tatsu-section-background\" ><\/div><\/div><style>.tatsu-l-TBPZRE1{border-width: 0px 0px px 0px;border-style: solid;}.tatsu-l-TBPZRE1 .tatsu-section-pad{padding: 150px 0% 130px 0%;}.tatsu-l-TBPZRE1 > .tatsu-bottom-divider{z-index: 9999;}.tatsu-l-TBPZRE1 > .tatsu-top-divider{z-index: 9999;}<\/style><\/div>","protected":false},"excerpt":{"rendered":"<p><a href=\"https:\/\/posadacarcamo.com\/en\/hector-posada-viana\/\" class=\"more-link style2-button\">Read More<\/a><\/p>","protected":false},"author":1,"featured_media":0,"parent":0,"menu_order":0,"comment_status":"closed","ping_status":"closed","template":"","meta":{"footnotes":""},"class_list":["post-3215","page","type-page","status-publish","hentry"],"aioseo_notices":[],"_links":{"self":[{"href":"https:\/\/posadacarcamo.com\/en\/wp-json\/wp\/v2\/pages\/3215","targetHints":{"allow":["GET"]}}],"collection":[{"href":"https:\/\/posadacarcamo.com\/en\/wp-json\/wp\/v2\/pages"}],"about":[{"href":"https:\/\/posadacarcamo.com\/en\/wp-json\/wp\/v2\/types\/page"}],"author":[{"embeddable":true,"href":"https:\/\/posadacarcamo.com\/en\/wp-json\/wp\/v2\/users\/1"}],"replies":[{"embeddable":true,"href":"https:\/\/posadacarcamo.com\/en\/wp-json\/wp\/v2\/comments?post=3215"}],"version-history":[{"count":15,"href":"https:\/\/posadacarcamo.com\/en\/wp-json\/wp\/v2\/pages\/3215\/revisions"}],"predecessor-version":[{"id":4581,"href":"https:\/\/posadacarcamo.com\/en\/wp-json\/wp\/v2\/pages\/3215\/revisions\/4581"}],"wp:attachment":[{"href":"https:\/\/posadacarcamo.com\/en\/wp-json\/wp\/v2\/media?parent=3215"}],"curies":[{"name":"wp","href":"https:\/\/api.w.org\/{rel}","templated":true}]}}